{"id":46,"date":"2024-07-06T13:08:58","date_gmt":"2024-07-06T13:08:58","guid":{"rendered":"https:\/\/centrocomunicar.com\/wp\/?page_id=46"},"modified":"2024-08-03T01:30:07","modified_gmt":"2024-08-03T01:30:07","slug":"cursos","status":"publish","type":"page","link":"https:\/\/centrocomunicar.com\/wp\/cursos\/","title":{"rendered":"NOSOTROS"},"content":{"rendered":"\n<p>Somos profesionales especializados que brindamos servicios de terapias de calidad y capacitaciones a profesionales en las \u00e1reas de lenguaje, comunicaci\u00f3n y habla.<\/p>\n\n\n\n<p>Nuestro servicio de terapias se destaca por adaptarse a las necesidades individuales de cada usuario a trav\u00e9s de un enfoque colaborativo. Trabajamos en conjunto con una red que incluye al terapeuta, la familia y los maestros para ofrecer un apoyo integral y personalizado.<\/p>\n\n\n\n<p>El \u00e1rea capacitaciones est\u00e1 dise\u00f1ada para ayudar a los profesionales a formarse y especializarse en sus \u00e1reas de inter\u00e9s con docentes altamente calificados y de amplia experiencia pr\u00e1ctica, con disposici\u00f3n para compartir sus conocimientos.<\/p>\n","protected":false},"excerpt":{"rendered":"<p>Somos profesionales especializados que brindamos servicios de terapias de calidad y capacitaciones a profesionales en las \u00e1reas de lenguaje, comunicaci\u00f3n &hellip; <\/p>\n","protected":false},"author":1,"featured_media":0,"parent":0,"menu_order":0,"comment_status":"closed","ping_status":"closed","template":"","meta":{"_joinchat":[],"footnotes":""},"class_list":["post-46","page","type-page","status-publish","hentry"],"_links":{"self":[{"href":"https:\/\/centrocomunicar.com\/wp\/wp-json\/wp\/v2\/pages\/46","targetHints":{"allow":["GET"]}}],"collection":[{"href":"https:\/\/centrocomunicar.com\/wp\/wp-json\/wp\/v2\/pages"}],"about":[{"href":"https:\/\/centrocomunicar.com\/wp\/wp-json\/wp\/v2\/types\/page"}],"author":[{"embeddable":true,"href":"https:\/\/centrocomunicar.com\/wp\/wp-json\/wp\/v2\/users\/1"}],"replies":[{"embeddable":true,"href":"https:\/\/centrocomunicar.com\/wp\/wp-json\/wp\/v2\/comments?post=46"}],"version-history":[{"count":8,"href":"https:\/\/centrocomunicar.com\/wp\/wp-json\/wp\/v2\/pages\/46\/revisions"}],"predecessor-version":[{"id":439,"href":"https:\/\/centrocomunicar.com\/wp\/wp-json\/wp\/v2\/pages\/46\/revisions\/439"}],"wp:attachment":[{"href":"https:\/\/centrocomunicar.com\/wp\/wp-json\/wp\/v2\/media?parent=46"}],"curies":[{"name":"wp","href":"https:\/\/api.w.org\/{rel}","templated":true}]}}